{"id":413,"date":"2020-09-20T10:51:08","date_gmt":"2020-09-20T10:51:08","guid":{"rendered":"https:\/\/pdnikolatesla.org\/home\/?page_id=413"},"modified":"2020-12-08T03:41:46","modified_gmt":"2020-12-08T03:41:46","slug":"rusov-pohod","status":"publish","type":"page","link":"https:\/\/pdnikolatesla.org\/home\/rusov-pohod\/","title":{"rendered":"Rusov pohod"},"content":{"rendered":"<h3>Tragom prvog izleta planinara PD &#8220;Nikola Tesla&#8221;<\/h3>\n<p class=\"justpar\">\nPohod se odr\u017eava od 1993. godine pod nazivom \u00abTragom 1. izleta PD \u00abNikola Tesla\u00bb, a od 2003. godine pohod se odr\u017eava pod&nbsp; nazivom: Rusov pohod odnosno preimenovan je po nadimku na\u0161eg zaslu\u017enog \u010dlana, inicijatora i pokreta\u010da pohoda Antuna \u017deljka Mati\u0161ina- Rusa koji je preminuo u kolovozu 2002. godine.\n<\/p>\n<p class=\"justpar\">\nOd 2013.&nbsp;godine uveli smo promjene u trasi pohoda koje su se pokazale opravdanim, obzirom na protok sudionika i ugodnije sudjelovanje u pohodu. Dakle, upisna mjesta pohoda su kod potoka Bliznec na zagreba\u010dkoj strani i u mjestu Pila kod Stubi\u010dkih toplica, na zagorskoj strani Medvednice.<\/p>\n<p class=\"justpar\">\nNa upisnim mjestima vr\u0161i se upis sudionika te izdavanje knji\u017eica i kontrolnih listi\u0107a. Tako\u0111er, na upisnim mjestima mogu\u0107e je nabaviti dnevnike na\u0161ih obilaznica.<\/p>\n<p>Smjer pohoda je:<\/p>\n<ul>\n<li>Parkirali\u0161te kod potoka Bliznec &#8211; odmori\u0161te na Njivicama &#8211; dom na Hunjki &#8211; vrh Sljemena\/TV toranj &#8211; planinarski dom \u00abRunolist\u00bb gdje je cilj pohoda.<\/li>\n<li>Pila \u2013 dom na Hunjki &#8211; vrh Sljemena\/TV toranj &#8211; planinarski dom \u00abRunolist\u00bb.<\/li>\n<\/ul>\n<p class=\"justpar\">\nKontrolna to\u010dka 1 je na Njivicama za prilaz sa zagreba\u010dke strane i u mjestu Pila za prilaz sa zagorske strane,dok je na Hunjki&nbsp; kontrolna to\u010dka 2, gdje se sastaju oba smjera. Na kontrolnim to\u010dkama&nbsp; se ovjeravaju kontrolni listi\u0107i, a&nbsp; na cilju pohoda (KT-3) se ovjerava obilazak pohoda i dodjeljuju priznanja, i to:<\/p>\n<ul>\n<li>za 3 sudjelovanja na pohodu &#8211; bron\u010dana zna\u010dka<\/li>\n<li>za 5 sudjelovanja na pohodu &#8211; srebrna zna\u010dka<\/li>\n<li>za 7 sudjelovanja na pohodu &#8211; zlatna zna\u010dka<\/li>\n<li>za 10 sudjelovanja na pohodu &#8211; plaketa<\/li>\n<li>za 15 sudjelovanja na pohodu \u2013 posebna plaketa<\/li>\n<li>za 20 sudjelovanja na pohodu &#8211; posebna zna\u010dka<\/li>\n<\/ul>\n<p class=\"justpar\">\nTrasa pohoda ima, uz uobi\u010dajene planinarske markacije, prigodne oznake s natpisom \u00abRusov pohod\u00bb. Cjelokupna trasa pohoda mo\u017ee se prije\u0107i za 4 do 5 sati laganog hoda, bez obzira na izbor prilaza. O\u010dekujemo sudjelovanje \u0161to ve\u0107eg broja planinara, ljubitelja prirode i svih onih koji znaju da je pje\u0161a\u010denje u prirodi temelj zdravog \u017eivota.<\/p>\n<p class=\"justpar\">\nNa cilju pohoda u planinarskom domu \u00abRunolist\u00bb organizirana je planinarska zabava uz \u017eivu glazbu, a u domu se mogu dobiti i razna jela i pi\u0107a po popularnim cijenama.<\/p>\n<p><a href=\"https:\/\/pdnikolatesla.org\/home\/wp-content\/uploads\/2020\/10\/25-godina-Rusovog-pohoda.pdf\" target=\"_blank\" rel=\"noopener noreferrer\"><i class=\"fas fa-file-pdf\"><\/i> 25 godina Rusovog pohoda.<\/a><\/p>\n<!-- default-view.php -->\n<div\n\tclass=\"ngg-galleryoverview default-view \"\n\tid=\"ngg-gallery-cd81c27b9709bcf03833ca7cc19f26e4-1\">\n\n\t\t<!-- Thumbnails -->\n\t\t\t\t<div id=\"ngg-image-0\" class=\"ngg-gallery-thumbnail-box \" >\n\t\t\t\t        <div class=\"ngg-gallery-thumbnail\">\n            <a href=\"https:\/\/pdnikolatesla.org\/home\/wp-content\/gallery\/rusov-pohod\/rusovpohod-001.jpg\"\n               title=\"\"\n               data-src=\"https:\/\/pdnikolatesla.org\/home\/wp-content\/gallery\/rusov-pohod\/rusovpohod-001.jpg\"\n               data-thumbnail=\"https:\/\/pdnikolatesla.org\/home\/wp-content\/gallery\/rusov-pohod\/thumbs\/thumbs_rusovpohod-001.jpg\"\n               data-image-id=\"730\"\n               data-title=\"rusovpohod-001\"\n               data-description=\"\"\n               data-image-slug=\"rusovpohod-001\"\n               class=\"ngg-simplelightbox\" rel=\"cd81c27b9709bcf03833ca7cc19f26e4\">\n                <img\n                    title=\"rusovpohod-001\"\n                    alt=\"rusovpohod-001\"\n                    src=\"https:\/\/pdnikolatesla.org\/home\/wp-content\/gallery\/rusov-pohod\/thumbs\/thumbs_rusovpohod-001.jpg\"\n                    width=\"240\"\n                    height=\"160\"\n                    style=\"max-width:100%;\"\n                \/>\n            <\/a>\n        <\/div>\n\t\t\t\t\t\t\t<\/div> \n\t\t\t\n\t\t\t\t<div id=\"ngg-image-1\" class=\"ngg-gallery-thumbnail-box \" >\n\t\t\t\t        <div class=\"ngg-gallery-thumbnail\">\n            <a href=\"https:\/\/pdnikolatesla.org\/home\/wp-content\/gallery\/rusov-pohod\/rusovpohod-002.jpg\"\n               title=\"\"\n               data-src=\"https:\/\/pdnikolatesla.org\/home\/wp-content\/gallery\/rusov-pohod\/rusovpohod-002.jpg\"\n               data-thumbnail=\"https:\/\/pdnikolatesla.org\/home\/wp-content\/gallery\/rusov-pohod\/thumbs\/thumbs_rusovpohod-002.jpg\"\n               data-image-id=\"731\"\n               data-title=\"rusovpohod-002\"\n               data-description=\"\"\n               data-image-slug=\"rusovpohod-002\"\n               class=\"ngg-simplelightbox\" rel=\"cd81c27b9709bcf03833ca7cc19f26e4\">\n                <img\n                    title=\"rusovpohod-002\"\n                    alt=\"rusovpohod-002\"\n                    src=\"https:\/\/pdnikolatesla.org\/home\/wp-content\/gallery\/rusov-pohod\/thumbs\/thumbs_rusovpohod-002.jpg\"\n                    width=\"240\"\n                    height=\"160\"\n                    style=\"max-width:100%;\"\n                \/>\n            <\/a>\n        <\/div>\n\t\t\t\t\t\t\t<\/div> \n\t\t\t\n\t\t\t\t<div id=\"ngg-image-2\" class=\"ngg-gallery-thumbnail-box \" >\n\t\t\t\t        <div class=\"ngg-gallery-thumbnail\">\n            <a href=\"https:\/\/pdnikolatesla.org\/home\/wp-content\/gallery\/rusov-pohod\/rusovpohod-003.jpg\"\n               title=\"\"\n               data-src=\"https:\/\/pdnikolatesla.org\/home\/wp-content\/gallery\/rusov-pohod\/rusovpohod-003.jpg\"\n               data-thumbnail=\"https:\/\/pdnikolatesla.org\/home\/wp-content\/gallery\/rusov-pohod\/thumbs\/thumbs_rusovpohod-003.jpg\"\n               data-image-id=\"732\"\n               data-title=\"rusovpohod-003\"\n               data-description=\"\"\n               data-image-slug=\"rusovpohod-003\"\n               class=\"ngg-simplelightbox\" rel=\"cd81c27b9709bcf03833ca7cc19f26e4\">\n                <img\n                    title=\"rusovpohod-003\"\n                    alt=\"rusovpohod-003\"\n                    src=\"https:\/\/pdnikolatesla.org\/home\/wp-content\/gallery\/rusov-pohod\/thumbs\/thumbs_rusovpohod-003.jpg\"\n                    width=\"240\"\n                    height=\"160\"\n                    style=\"max-width:100%;\"\n                \/>\n            <\/a>\n        <\/div>\n\t\t\t\t\t\t\t<\/div> \n\t\t\t\n\t\t\t\t<div id=\"ngg-image-3\" class=\"ngg-gallery-thumbnail-box \" >\n\t\t\t\t        <div class=\"ngg-gallery-thumbnail\">\n            <a href=\"https:\/\/pdnikolatesla.org\/home\/wp-content\/gallery\/rusov-pohod\/rusovpohod-004.jpg\"\n               title=\"\"\n               data-src=\"https:\/\/pdnikolatesla.org\/home\/wp-content\/gallery\/rusov-pohod\/rusovpohod-004.jpg\"\n               data-thumbnail=\"https:\/\/pdnikolatesla.org\/home\/wp-content\/gallery\/rusov-pohod\/thumbs\/thumbs_rusovpohod-004.jpg\"\n               data-image-id=\"733\"\n               data-title=\"rusovpohod-004\"\n               data-description=\"\"\n               data-image-slug=\"rusovpohod-004\"\n               class=\"ngg-simplelightbox\" rel=\"cd81c27b9709bcf03833ca7cc19f26e4\">\n                <img\n                    title=\"rusovpohod-004\"\n                    alt=\"rusovpohod-004\"\n                    src=\"https:\/\/pdnikolatesla.org\/home\/wp-content\/gallery\/rusov-pohod\/thumbs\/thumbs_rusovpohod-004.jpg\"\n                    width=\"240\"\n                    height=\"160\"\n                    style=\"max-width:100%;\"\n                \/>\n            <\/a>\n        <\/div>\n\t\t\t\t\t\t\t<\/div> \n\t\t\t\n\t\t\t\t<div id=\"ngg-image-4\" class=\"ngg-gallery-thumbnail-box \" >\n\t\t\t\t        <div class=\"ngg-gallery-thumbnail\">\n            <a href=\"https:\/\/pdnikolatesla.org\/home\/wp-content\/gallery\/rusov-pohod\/rusovpohod-005.jpg\"\n               title=\"\"\n               data-src=\"https:\/\/pdnikolatesla.org\/home\/wp-content\/gallery\/rusov-pohod\/rusovpohod-005.jpg\"\n               data-thumbnail=\"https:\/\/pdnikolatesla.org\/home\/wp-content\/gallery\/rusov-pohod\/thumbs\/thumbs_rusovpohod-005.jpg\"\n               data-image-id=\"734\"\n               data-title=\"rusovpohod-005\"\n               data-description=\"\"\n               data-image-slug=\"rusovpohod-005\"\n               class=\"ngg-simplelightbox\" rel=\"cd81c27b9709bcf03833ca7cc19f26e4\">\n                <img\n                    title=\"rusovpohod-005\"\n                    alt=\"rusovpohod-005\"\n                    src=\"https:\/\/pdnikolatesla.org\/home\/wp-content\/gallery\/rusov-pohod\/thumbs\/thumbs_rusovpohod-005.jpg\"\n                    width=\"240\"\n                    height=\"160\"\n                    style=\"max-width:100%;\"\n                \/>\n            <\/a>\n        <\/div>\n\t\t\t\t\t\t\t<\/div> \n\t\t\t\n\t\t\t\t<div id=\"ngg-image-5\" class=\"ngg-gallery-thumbnail-box \" >\n\t\t\t\t        <div class=\"ngg-gallery-thumbnail\">\n            <a href=\"https:\/\/pdnikolatesla.org\/home\/wp-content\/gallery\/rusov-pohod\/rusovpohod-006.jpg\"\n               title=\"\"\n               data-src=\"https:\/\/pdnikolatesla.org\/home\/wp-content\/gallery\/rusov-pohod\/rusovpohod-006.jpg\"\n               data-thumbnail=\"https:\/\/pdnikolatesla.org\/home\/wp-content\/gallery\/rusov-pohod\/thumbs\/thumbs_rusovpohod-006.jpg\"\n               data-image-id=\"735\"\n               data-title=\"rusovpohod-006\"\n               data-description=\"\"\n               data-image-slug=\"rusovpohod-006\"\n               class=\"ngg-simplelightbox\" rel=\"cd81c27b9709bcf03833ca7cc19f26e4\">\n                <img\n                    title=\"rusovpohod-006\"\n                    alt=\"rusovpohod-006\"\n                    src=\"https:\/\/pdnikolatesla.org\/home\/wp-content\/gallery\/rusov-pohod\/thumbs\/thumbs_rusovpohod-006.jpg\"\n                    width=\"240\"\n                    height=\"160\"\n                    style=\"max-width:100%;\"\n                \/>\n            <\/a>\n        <\/div>\n\t\t\t\t\t\t\t<\/div> \n\t\t\t\n\t\t\t\t<div id=\"ngg-image-6\" class=\"ngg-gallery-thumbnail-box \" >\n\t\t\t\t        <div class=\"ngg-gallery-thumbnail\">\n            <a href=\"https:\/\/pdnikolatesla.org\/home\/wp-content\/gallery\/rusov-pohod\/rusovpohod-007.jpg\"\n               title=\"\"\n               data-src=\"https:\/\/pdnikolatesla.org\/home\/wp-content\/gallery\/rusov-pohod\/rusovpohod-007.jpg\"\n               data-thumbnail=\"https:\/\/pdnikolatesla.org\/home\/wp-content\/gallery\/rusov-pohod\/thumbs\/thumbs_rusovpohod-007.jpg\"\n               data-image-id=\"736\"\n               data-title=\"rusovpohod-007\"\n               data-description=\"\"\n               data-image-slug=\"rusovpohod-007\"\n               class=\"ngg-simplelightbox\" rel=\"cd81c27b9709bcf03833ca7cc19f26e4\">\n                <img\n                    title=\"rusovpohod-007\"\n                    alt=\"rusovpohod-007\"\n                    src=\"https:\/\/pdnikolatesla.org\/home\/wp-content\/gallery\/rusov-pohod\/thumbs\/thumbs_rusovpohod-007.jpg\"\n                    width=\"240\"\n                    height=\"160\"\n                    style=\"max-width:100%;\"\n                \/>\n            <\/a>\n        <\/div>\n\t\t\t\t\t\t\t<\/div> \n\t\t\t\n\t\t\t\t<div id=\"ngg-image-7\" class=\"ngg-gallery-thumbnail-box \" >\n\t\t\t\t        <div class=\"ngg-gallery-thumbnail\">\n            <a href=\"https:\/\/pdnikolatesla.org\/home\/wp-content\/gallery\/rusov-pohod\/rusovpohod-008.jpg\"\n               title=\"\"\n               data-src=\"https:\/\/pdnikolatesla.org\/home\/wp-content\/gallery\/rusov-pohod\/rusovpohod-008.jpg\"\n               data-thumbnail=\"https:\/\/pdnikolatesla.org\/home\/wp-content\/gallery\/rusov-pohod\/thumbs\/thumbs_rusovpohod-008.jpg\"\n               data-image-id=\"737\"\n               data-title=\"rusovpohod-008\"\n               data-description=\"\"\n               data-image-slug=\"rusovpohod-008\"\n               class=\"ngg-simplelightbox\" rel=\"cd81c27b9709bcf03833ca7cc19f26e4\">\n                <img\n                    title=\"rusovpohod-008\"\n                    alt=\"rusovpohod-008\"\n                    src=\"https:\/\/pdnikolatesla.org\/home\/wp-content\/gallery\/rusov-pohod\/thumbs\/thumbs_rusovpohod-008.jpg\"\n                    width=\"240\"\n                    height=\"160\"\n                    style=\"max-width:100%;\"\n                \/>\n            <\/a>\n        <\/div>\n\t\t\t\t\t\t\t<\/div> \n\t\t\t\n\t\t\t\t<div id=\"ngg-image-8\" class=\"ngg-gallery-thumbnail-box \" >\n\t\t\t\t        <div class=\"ngg-gallery-thumbnail\">\n            <a href=\"https:\/\/pdnikolatesla.org\/home\/wp-content\/gallery\/rusov-pohod\/rusovpohod-009.jpg\"\n               title=\"\"\n               data-src=\"https:\/\/pdnikolatesla.org\/home\/wp-content\/gallery\/rusov-pohod\/rusovpohod-009.jpg\"\n               data-thumbnail=\"https:\/\/pdnikolatesla.org\/home\/wp-content\/gallery\/rusov-pohod\/thumbs\/thumbs_rusovpohod-009.jpg\"\n               data-image-id=\"738\"\n               data-title=\"rusovpohod-009\"\n               data-description=\"\"\n               data-image-slug=\"rusovpohod-009\"\n               class=\"ngg-simplelightbox\" rel=\"cd81c27b9709bcf03833ca7cc19f26e4\">\n                <img\n                    title=\"rusovpohod-009\"\n                    alt=\"rusovpohod-009\"\n                    src=\"https:\/\/pdnikolatesla.org\/home\/wp-content\/gallery\/rusov-pohod\/thumbs\/thumbs_rusovpohod-009.jpg\"\n                    width=\"240\"\n                    height=\"160\"\n                    style=\"max-width:100%;\"\n                \/>\n            <\/a>\n        <\/div>\n\t\t\t\t\t\t\t<\/div> \n\t\t\t\n\t\t\t\t<div id=\"ngg-image-9\" class=\"ngg-gallery-thumbnail-box \" >\n\t\t\t\t        <div class=\"ngg-gallery-thumbnail\">\n            <a href=\"https:\/\/pdnikolatesla.org\/home\/wp-content\/gallery\/rusov-pohod\/rusovpohod-010.jpg\"\n               title=\"\"\n               data-src=\"https:\/\/pdnikolatesla.org\/home\/wp-content\/gallery\/rusov-pohod\/rusovpohod-010.jpg\"\n               data-thumbnail=\"https:\/\/pdnikolatesla.org\/home\/wp-content\/gallery\/rusov-pohod\/thumbs\/thumbs_rusovpohod-010.jpg\"\n               data-image-id=\"739\"\n               data-title=\"rusovpohod-010\"\n               data-description=\"\"\n               data-image-slug=\"rusovpohod-010\"\n               class=\"ngg-simplelightbox\" rel=\"cd81c27b9709bcf03833ca7cc19f26e4\">\n                <img\n                    title=\"rusovpohod-010\"\n                    alt=\"rusovpohod-010\"\n                    src=\"https:\/\/pdnikolatesla.org\/home\/wp-content\/gallery\/rusov-pohod\/thumbs\/thumbs_rusovpohod-010.jpg\"\n                    width=\"240\"\n                    height=\"160\"\n                    style=\"max-width:100%;\"\n                \/>\n            <\/a>\n        <\/div>\n\t\t\t\t\t\t\t<\/div> \n\t\t\t\n\t\t\t\t<div id=\"ngg-image-10\" class=\"ngg-gallery-thumbnail-box \" >\n\t\t\t\t        <div class=\"ngg-gallery-thumbnail\">\n            <a href=\"https:\/\/pdnikolatesla.org\/home\/wp-content\/gallery\/rusov-pohod\/rusovpohod-011.jpg\"\n               title=\"\"\n               data-src=\"https:\/\/pdnikolatesla.org\/home\/wp-content\/gallery\/rusov-pohod\/rusovpohod-011.jpg\"\n               data-thumbnail=\"https:\/\/pdnikolatesla.org\/home\/wp-content\/gallery\/rusov-pohod\/thumbs\/thumbs_rusovpohod-011.jpg\"\n               data-image-id=\"740\"\n               data-title=\"rusovpohod-011\"\n               data-description=\"\"\n               data-image-slug=\"rusovpohod-011\"\n               class=\"ngg-simplelightbox\" rel=\"cd81c27b9709bcf03833ca7cc19f26e4\">\n                <img\n                    title=\"rusovpohod-011\"\n                    alt=\"rusovpohod-011\"\n                    src=\"https:\/\/pdnikolatesla.org\/home\/wp-content\/gallery\/rusov-pohod\/thumbs\/thumbs_rusovpohod-011.jpg\"\n                    width=\"240\"\n                    height=\"160\"\n                    style=\"max-width:100%;\"\n                \/>\n            <\/a>\n        <\/div>\n\t\t\t\t\t\t\t<\/div> \n\t\t\t\n\t\n\t<br style=\"clear: both\" \/>\n\n\t\n\t\t<!-- Pagination -->\n\t<div class='ngg-clear'><\/div>\t<\/div>\n\n","protected":false},"excerpt":{"rendered":"<p>Tragom prvog izleta planinara PD &#8220;Nikola Tesla&#8221; Pohod se odr\u017eava od 1993. godine pod nazivom \u00abTragom 1. izleta PD \u00abNikola Tesla\u00bb, a od 2003. godine pohod se odr\u017eava pod&nbsp; nazivom: Rusov pohod odnosno preimenovan je po nadimku na\u0161eg zaslu\u017enog \u010dlana, inicijatora i pokreta\u010da pohoda Antuna \u017deljka Mati\u0161ina- Rusa koji je preminuo u kolovozu 2002. godine&#8230;.<\/p>\n<p class=\"more-link-wrap\"><a class=\"more-link\" href=\"https:\/\/pdnikolatesla.org\/home\/rusov-pohod\/\">Read More<\/a><\/p>\n","protected":false},"author":1,"featured_media":0,"parent":0,"menu_order":0,"comment_status":"closed","ping_status":"closed","template":"","meta":{"ngg_post_thumbnail":0},"_links":{"self":[{"href":"https:\/\/pdnikolatesla.org\/home\/wp-json\/wp\/v2\/pages\/413"}],"collection":[{"href":"https:\/\/pdnikolatesla.org\/home\/wp-json\/wp\/v2\/pages"}],"about":[{"href":"https:\/\/pdnikolatesla.org\/home\/wp-json\/wp\/v2\/types\/page"}],"author":[{"embeddable":true,"href":"https:\/\/pdnikolatesla.org\/home\/wp-json\/wp\/v2\/users\/1"}],"replies":[{"embeddable":true,"href":"https:\/\/pdnikolatesla.org\/home\/wp-json\/wp\/v2\/comments?post=413"}],"version-history":[{"count":15,"href":"https:\/\/pdnikolatesla.org\/home\/wp-json\/wp\/v2\/pages\/413\/revisions"}],"predecessor-version":[{"id":1622,"href":"https:\/\/pdnikolatesla.org\/home\/wp-json\/wp\/v2\/pages\/413\/revisions\/1622"}],"wp:attachment":[{"href":"https:\/\/pdnikolatesla.org\/home\/wp-json\/wp\/v2\/media?parent=413"}],"curies":[{"name":"wp","href":"https:\/\/api.w.org\/{rel}","templated":true}]}}