{"id":415,"date":"2020-09-20T10:51:38","date_gmt":"2020-09-20T10:51:38","guid":{"rendered":"https:\/\/pdnikolatesla.org\/home\/?page_id=415"},"modified":"2021-12-23T15:43:32","modified_gmt":"2021-12-23T15:43:32","slug":"obilaznice","status":"publish","type":"page","link":"https:\/\/pdnikolatesla.org\/home\/obilaznice\/","title":{"rendered":"Obilaznice"},"content":{"rendered":"<p class=\"justpar\">Planinarsku obilaznicu \u010dine planinarska odredi\u0161ta povezana u smislenu cjelinu, za \u010diji obilazak planinarsko dru\u0161tvo koje brine o obilaznici nagra\u0111uje posjetitelje koji ispune zadane uvjete. Obilaznica mo\u017ee biti put, splet putova, zbir me\u0111usobno nepovezanih to\u010daka u planinama ili planinarsko natjecanje bez odre\u0111enih to\u010daka, ali s nekim drugim uvjetima obilaska. Obilazak se potvr\u0111uje otiscima \u017eigova smje\u0161tenih na kontrolnim to\u010dkama u dnevnik ili karton obilaznice ili fotografijama posjetitelja pokraj prepoznatljivih obilje\u017eja kontrolne to\u010dke. Posjetitelju koji doka\u017ee svoj obilazak prema uvjetima obilaznice organizator dodjeljuje zna\u010dku ili pisano priznanje, a one kojima je dodijeljeno priznanje upisuje u knjigu posjetitelja.<\/p>\n<p class=\"justpar\">Kontrolne to\u010dke (KT) su to\u010dno odre\u0111ena planinarska odredi\u0161ta koja posjetitelj treba posjetiti i \u017eigom u dnevniku obilaznice ili fotografijom ispred prepoznatljiva obilje\u017eja kontrolne to\u010dke zabilje\u017eiti svoj posjet. Planinarska obilaznica mo\u017ee imati obvezne, uvjetne i neobvezne kontrolne to\u010dke, a ima i obilaznica koje nemaju odre\u0111ene kontrolne to\u010dke, nego su pravilima obilaznice postavljeni uvjeti koje posjetitelj treba zadovoljiti da bi stekao pravo na priznanje.<\/p>\n<p class=\"justpar\">Planinarsko dru\u0161tvo Nikola Tesla trenutno ima tri aktivne i jednu neaktivnu obilaznicu (ista se jo\u0161 uvijek mo\u017ee pro\u0107i i dobiti priznanje, ali za istu ne postoji tiskani dnevnik ve\u0107 kopija koja je besplatna)<\/p>\n<p>AKTIVNE OBILAZNICE:<br \/>\n1. <a href=\"https:\/\/pdnikolatesla.org\/home\/wp-content\/uploads\/2021\/12\/40-vrhova-za-40-godina-i-Rusov-pohod.pdf\" target=\"_blank\" rel=\"noopener noreferrer\">\u201e40 vrhova za 40 godina i Rusov pohod\u201c poznata pod XL obilaznica<\/a><\/p>\n<p><a href=\"https:\/\/pdnikolatesla.org\/home\/wp-content\/uploads\/2021\/12\/40-vrhova-za-40-godina-i-Rusov-pohod.pdf\" target=\"_blank\" rel=\"noopener noreferrer\"><img loading=\"lazy\" class=\"alignnone wp-image-1495 size-medium\" title=\"Vi\u0161e o obilaznici &quot;40 vrhova za 40 godina i Rusov pohod&quot; (XL obilaznici)\" src=\"https:\/\/pdnikolatesla.org\/home\/wp-content\/uploads\/2020\/11\/obilaznice01-215x300.jpg\" alt=\"\" width=\"215\" height=\"300\" srcset=\"https:\/\/pdnikolatesla.org\/home\/wp-content\/uploads\/2020\/11\/obilaznice01-215x300.jpg 215w, https:\/\/pdnikolatesla.org\/home\/wp-content\/uploads\/2020\/11\/obilaznice01.jpg 294w\" sizes=\"(max-width: 215px) 100vw, 215px\" \/><\/a><\/p>\n<p>&nbsp;<\/p>\n<p>2. <a href=\"https:\/\/pdnikolatesla.org\/home\/wp-content\/uploads\/2021\/12\/Planinarska-obilaznica-Najvisi-vrhovi-hrvatskih-zupanija.pdf\" target=\"_blank\" rel=\"noopener noreferrer\">\u201eNajvi\u0161i vrhovi hrvatskih \u017eupanija\u201c<\/a><\/p>\n<p><a href=\"https:\/\/pdnikolatesla.org\/home\/wp-content\/uploads\/2021\/12\/Planinarska-obilaznica-Najvisi-vrhovi-hrvatskih-zupanija.pdf\" target=\"_blank\" rel=\"noopener noreferrer\"><img loading=\"lazy\" class=\"alignnone wp-image-1496 size-medium\" title=\"Vi\u0161e o obilaznici &quot;Najvi\u0161i vrhovi hrvatskih \u017eupanija&quot;\" src=\"https:\/\/pdnikolatesla.org\/home\/wp-content\/uploads\/2020\/11\/obilaznice02-207x300.jpg\" alt=\"\" width=\"207\" height=\"300\" srcset=\"https:\/\/pdnikolatesla.org\/home\/wp-content\/uploads\/2020\/11\/obilaznice02-207x300.jpg 207w, https:\/\/pdnikolatesla.org\/home\/wp-content\/uploads\/2020\/11\/obilaznice02.jpg 283w\" sizes=\"(max-width: 207px) 100vw, 207px\" \/><\/a><\/p>\n<p>&nbsp;<\/p>\n<p>3. <a href=\"https:\/\/pdnikolatesla.org\/home\/wp-content\/uploads\/2021\/12\/Medvednicke-nadstresnice-i-Rusov-pohod.pdf\" target=\"_blank\" rel=\"noopener noreferrer\">\u201eMedvedni\u010dke nadstre\u0161nice i Rusov pohod\u201c<\/a><\/p>\n<p><a href=\"https:\/\/pdnikolatesla.org\/home\/wp-content\/uploads\/2021\/12\/Medvednicke-nadstresnice-i-Rusov-pohod.pdf\" target=\"_blank\" rel=\"noopener noreferrer\"><img loading=\"lazy\" class=\"alignnone wp-image-1497 size-medium\" title=\"Vi\u0161e o obilaznici &quot;Medvedni\u010dke nadstre\u0161nice i Rusov pohod&quot;\" src=\"https:\/\/pdnikolatesla.org\/home\/wp-content\/uploads\/2020\/11\/obilaznice03-218x300.jpg\" alt=\"\" width=\"218\" height=\"300\" srcset=\"https:\/\/pdnikolatesla.org\/home\/wp-content\/uploads\/2020\/11\/obilaznice03-218x300.jpg 218w, https:\/\/pdnikolatesla.org\/home\/wp-content\/uploads\/2020\/11\/obilaznice03.jpg 298w\" sizes=\"(max-width: 218px) 100vw, 218px\" \/><\/a><\/p>\n<p>&nbsp;<\/p>\n<p>NEAKTIVNA OBILAZNICA:<br \/>\n1. <a href=\"https:\/\/pdnikolatesla.org\/home\/wp-content\/uploads\/2021\/12\/30-vrhova-za-30-godina-i-Rusov-pohod.pdf\" target=\"_blank\" rel=\"noopener noreferrer\">\u201e30 vrhova za 30 godina i \u201eRusov pohod\u201c<\/a><\/p>\n<p><a href=\"https:\/\/pdnikolatesla.org\/home\/wp-content\/uploads\/2021\/12\/30-vrhova-za-30-godina-i-Rusov-pohod.pdf\" target=\"_blank\" rel=\"noopener noreferrer\"><img loading=\"lazy\" class=\"alignnone wp-image-1501 size-medium\" title=\"Vi\u0161e o obilaznici &quot;30 vrhova za 30 godina i Rusov pohod&quot;\" src=\"https:\/\/pdnikolatesla.org\/home\/wp-content\/uploads\/2020\/11\/obilaznice04-203x300.jpg\" alt=\"\" width=\"203\" height=\"300\" srcset=\"https:\/\/pdnikolatesla.org\/home\/wp-content\/uploads\/2020\/11\/obilaznice04-203x300.jpg 203w, https:\/\/pdnikolatesla.org\/home\/wp-content\/uploads\/2020\/11\/obilaznice04.jpg 277w\" sizes=\"(max-width: 203px) 100vw, 203px\" \/><\/a><\/p>\n<p class=\"justpar\">Izdavanjem obilaznice \u201e40 vrhova za 40 godina i Rusov pohod\u201c obilaznica \u201e30 vrhova za 30 godina i Rusov pohod\u201c stavlja se van snage.<\/p>\n<p class=\"justpar\">Za one koji je ipak \u017eele pro\u0107i ostavili smo opciju da si sami tiskaju \u201eobilaznicu\u201c te osvoje pripadaju\u0107u zna\u010dku. Ova obilaznica je besplatna!<\/p>\n<p>Poveznica sa koje mo\u017eete otisnuti pdf dokument:<\/p>\n<p><a href=\"https:\/\/pdnikolatesla.org\/home\/wp-content\/uploads\/2020\/11\/30-vrhova-Rusov-pohod.pdf\" target=\"_blank\" rel=\"noopener noreferrer\">https:\/\/pdnikolatesla.org\/home\/wp-content\/uploads\/2020\/11\/30-vrhova-Rusov-pohod.pdf<\/a><\/p>\n<p>VA\u017dNO: za nabavu obilaznica te ovjeru istih molimo kontaktirajte nas putem e-po\u0161te <a href=\"mailto:pd.nikola.tesla@hps.hr\">pd.nikola.tesla@hps.hr<\/a><\/p>\n<p>&nbsp;<\/p>\n<p>&nbsp;<\/p>\n<p>&nbsp;<\/p>\n","protected":false},"excerpt":{"rendered":"<p>Planinarsku obilaznicu \u010dine planinarska odredi\u0161ta povezana u smislenu cjelinu, za \u010diji obilazak planinarsko dru\u0161tvo koje brine o obilaznici nagra\u0111uje posjetitelje koji ispune zadane uvjete. Obilaznica mo\u017ee biti put, splet putova, zbir me\u0111usobno nepovezanih to\u010daka u planinama ili planinarsko natjecanje bez odre\u0111enih to\u010daka, ali s nekim drugim uvjetima obilaska. Obilazak se potvr\u0111uje otiscima \u017eigova smje\u0161tenih na&#8230;<\/p>\n<p class=\"more-link-wrap\"><a class=\"more-link\" href=\"https:\/\/pdnikolatesla.org\/home\/obilaznice\/\">Read More<\/a><\/p>\n","protected":false},"author":1,"featured_media":0,"parent":0,"menu_order":0,"comment_status":"closed","ping_status":"closed","template":"","meta":{"ngg_post_thumbnail":0},"_links":{"self":[{"href":"https:\/\/pdnikolatesla.org\/home\/wp-json\/wp\/v2\/pages\/415"}],"collection":[{"href":"https:\/\/pdnikolatesla.org\/home\/wp-json\/wp\/v2\/pages"}],"about":[{"href":"https:\/\/pdnikolatesla.org\/home\/wp-json\/wp\/v2\/types\/page"}],"author":[{"embeddable":true,"href":"https:\/\/pdnikolatesla.org\/home\/wp-json\/wp\/v2\/users\/1"}],"replies":[{"embeddable":true,"href":"https:\/\/pdnikolatesla.org\/home\/wp-json\/wp\/v2\/comments?post=415"}],"version-history":[{"count":21,"href":"https:\/\/pdnikolatesla.org\/home\/wp-json\/wp\/v2\/pages\/415\/revisions"}],"predecessor-version":[{"id":1667,"href":"https:\/\/pdnikolatesla.org\/home\/wp-json\/wp\/v2\/pages\/415\/revisions\/1667"}],"wp:attachment":[{"href":"https:\/\/pdnikolatesla.org\/home\/wp-json\/wp\/v2\/media?parent=415"}],"curies":[{"name":"wp","href":"https:\/\/api.w.org\/{rel}","templated":true}]}}