{"id":866,"date":"2020-10-18T10:08:44","date_gmt":"2020-10-18T10:08:44","guid":{"rendered":"https:\/\/pdnikolatesla.org\/home\/?page_id=866"},"modified":"2020-10-18T10:15:22","modified_gmt":"2020-10-18T10:15:22","slug":"klek-u-jesen","status":"publish","type":"page","link":"https:\/\/pdnikolatesla.org\/home\/klek-u-jesen\/","title":{"rendered":"Klek u jesen"},"content":{"rendered":"<p>Glavni kolodvor &#8211; Ogulin &#8211; Klek &#8211; Ogulin &#8211; Glavni kolodvor<br \/>\nKrenuli prije svitanja&#8230; Osvojili Klek&#8230; Pomaknuli granice&#8230; Smijali se&#8230; Gun\u0111ali&#8230; U\u017eivali&#8230; Padali&#8230; Ali se vratili s novim uspomenama za cijeli \u017eivot&#8230; Hvala svima \u0161to su bili dio ove pri\u010d.<\/p>\n<!-- default-view.php -->\n<div\n\tclass=\"ngg-galleryoverview default-view \"\n\tid=\"ngg-gallery-2fe56b733bf81374fe99106e687caf2d-1\">\n\n\t\t<!-- Thumbnails -->\n\t\t\t\t<div id=\"ngg-image-0\" class=\"ngg-gallery-thumbnail-box \" >\n\t\t\t\t        <div class=\"ngg-gallery-thumbnail\">\n            <a href=\"https:\/\/pdnikolatesla.org\/home\/wp-content\/gallery\/klek-u-jesen\/klekujesen-001.jpg\"\n               title=\"\"\n               data-src=\"https:\/\/pdnikolatesla.org\/home\/wp-content\/gallery\/klek-u-jesen\/klekujesen-001.jpg\"\n               data-thumbnail=\"https:\/\/pdnikolatesla.org\/home\/wp-content\/gallery\/klek-u-jesen\/thumbs\/thumbs_klekujesen-001.jpg\"\n               data-image-id=\"169\"\n               data-title=\"klekujesen-001\"\n               data-description=\"\"\n               data-image-slug=\"klekujesen-001\"\n               class=\"ngg-simplelightbox\" rel=\"2fe56b733bf81374fe99106e687caf2d\">\n                <img\n                    title=\"klekujesen-001\"\n                    alt=\"klekujesen-001\"\n                    src=\"https:\/\/pdnikolatesla.org\/home\/wp-content\/gallery\/klek-u-jesen\/thumbs\/thumbs_klekujesen-001.jpg\"\n                    width=\"240\"\n                    height=\"160\"\n                    style=\"max-width:100%;\"\n                \/>\n            <\/a>\n        <\/div>\n\t\t\t\t\t\t\t<\/div> \n\t\t\t\n\t\t\t\t<div id=\"ngg-image-1\" class=\"ngg-gallery-thumbnail-box \" >\n\t\t\t\t        <div class=\"ngg-gallery-thumbnail\">\n            <a href=\"https:\/\/pdnikolatesla.org\/home\/wp-content\/gallery\/klek-u-jesen\/klekujesen-002.jpg\"\n               title=\"\"\n               data-src=\"https:\/\/pdnikolatesla.org\/home\/wp-content\/gallery\/klek-u-jesen\/klekujesen-002.jpg\"\n               data-thumbnail=\"https:\/\/pdnikolatesla.org\/home\/wp-content\/gallery\/klek-u-jesen\/thumbs\/thumbs_klekujesen-002.jpg\"\n               data-image-id=\"170\"\n               data-title=\"klekujesen-002\"\n               data-description=\"\"\n               data-image-slug=\"klekujesen-002\"\n               class=\"ngg-simplelightbox\" rel=\"2fe56b733bf81374fe99106e687caf2d\">\n                <img\n                    title=\"klekujesen-002\"\n                    alt=\"klekujesen-002\"\n                    src=\"https:\/\/pdnikolatesla.org\/home\/wp-content\/gallery\/klek-u-jesen\/thumbs\/thumbs_klekujesen-002.jpg\"\n                    width=\"240\"\n                    height=\"160\"\n                    style=\"max-width:100%;\"\n                \/>\n            <\/a>\n        <\/div>\n\t\t\t\t\t\t\t<\/div> \n\t\t\t\n\t\t\t\t<div id=\"ngg-image-2\" class=\"ngg-gallery-thumbnail-box \" >\n\t\t\t\t        <div class=\"ngg-gallery-thumbnail\">\n            <a href=\"https:\/\/pdnikolatesla.org\/home\/wp-content\/gallery\/klek-u-jesen\/klekujesen-003.jpg\"\n               title=\"\"\n               data-src=\"https:\/\/pdnikolatesla.org\/home\/wp-content\/gallery\/klek-u-jesen\/klekujesen-003.jpg\"\n               data-thumbnail=\"https:\/\/pdnikolatesla.org\/home\/wp-content\/gallery\/klek-u-jesen\/thumbs\/thumbs_klekujesen-003.jpg\"\n               data-image-id=\"171\"\n               data-title=\"klekujesen-003\"\n               data-description=\"\"\n               data-image-slug=\"klekujesen-003\"\n               class=\"ngg-simplelightbox\" rel=\"2fe56b733bf81374fe99106e687caf2d\">\n                <img\n                    title=\"klekujesen-003\"\n                    alt=\"klekujesen-003\"\n                    src=\"https:\/\/pdnikolatesla.org\/home\/wp-content\/gallery\/klek-u-jesen\/thumbs\/thumbs_klekujesen-003.jpg\"\n                    width=\"240\"\n                    height=\"160\"\n                    style=\"max-width:100%;\"\n                \/>\n            <\/a>\n        <\/div>\n\t\t\t\t\t\t\t<\/div> \n\t\t\t\n\t\t\t\t<div id=\"ngg-image-3\" class=\"ngg-gallery-thumbnail-box \" >\n\t\t\t\t        <div class=\"ngg-gallery-thumbnail\">\n            <a href=\"https:\/\/pdnikolatesla.org\/home\/wp-content\/gallery\/klek-u-jesen\/klekujesen-004.jpg\"\n               title=\"\"\n               data-src=\"https:\/\/pdnikolatesla.org\/home\/wp-content\/gallery\/klek-u-jesen\/klekujesen-004.jpg\"\n               data-thumbnail=\"https:\/\/pdnikolatesla.org\/home\/wp-content\/gallery\/klek-u-jesen\/thumbs\/thumbs_klekujesen-004.jpg\"\n               data-image-id=\"172\"\n               data-title=\"klekujesen-004\"\n               data-description=\"\"\n               data-image-slug=\"klekujesen-004\"\n               class=\"ngg-simplelightbox\" rel=\"2fe56b733bf81374fe99106e687caf2d\">\n                <img\n                    title=\"klekujesen-004\"\n                    alt=\"klekujesen-004\"\n                    src=\"https:\/\/pdnikolatesla.org\/home\/wp-content\/gallery\/klek-u-jesen\/thumbs\/thumbs_klekujesen-004.jpg\"\n                    width=\"240\"\n                    height=\"160\"\n                    style=\"max-width:100%;\"\n                \/>\n            <\/a>\n        <\/div>\n\t\t\t\t\t\t\t<\/div> \n\t\t\t\n\t\t\t\t<div id=\"ngg-image-4\" class=\"ngg-gallery-thumbnail-box \" >\n\t\t\t\t        <div class=\"ngg-gallery-thumbnail\">\n            <a href=\"https:\/\/pdnikolatesla.org\/home\/wp-content\/gallery\/klek-u-jesen\/klekujesen-005.jpg\"\n               title=\"\"\n               data-src=\"https:\/\/pdnikolatesla.org\/home\/wp-content\/gallery\/klek-u-jesen\/klekujesen-005.jpg\"\n               data-thumbnail=\"https:\/\/pdnikolatesla.org\/home\/wp-content\/gallery\/klek-u-jesen\/thumbs\/thumbs_klekujesen-005.jpg\"\n               data-image-id=\"173\"\n               data-title=\"klekujesen-005\"\n               data-description=\"\"\n               data-image-slug=\"klekujesen-005\"\n               class=\"ngg-simplelightbox\" rel=\"2fe56b733bf81374fe99106e687caf2d\">\n                <img\n                    title=\"klekujesen-005\"\n                    alt=\"klekujesen-005\"\n                    src=\"https:\/\/pdnikolatesla.org\/home\/wp-content\/gallery\/klek-u-jesen\/thumbs\/thumbs_klekujesen-005.jpg\"\n                    width=\"240\"\n                    height=\"160\"\n                    style=\"max-width:100%;\"\n                \/>\n            <\/a>\n        <\/div>\n\t\t\t\t\t\t\t<\/div> \n\t\t\t\n\t\t\t\t<div id=\"ngg-image-5\" class=\"ngg-gallery-thumbnail-box \" >\n\t\t\t\t        <div class=\"ngg-gallery-thumbnail\">\n            <a href=\"https:\/\/pdnikolatesla.org\/home\/wp-content\/gallery\/klek-u-jesen\/klekujesen-006.jpg\"\n               title=\"\"\n               data-src=\"https:\/\/pdnikolatesla.org\/home\/wp-content\/gallery\/klek-u-jesen\/klekujesen-006.jpg\"\n               data-thumbnail=\"https:\/\/pdnikolatesla.org\/home\/wp-content\/gallery\/klek-u-jesen\/thumbs\/thumbs_klekujesen-006.jpg\"\n               data-image-id=\"174\"\n               data-title=\"klekujesen-006\"\n               data-description=\"\"\n               data-image-slug=\"klekujesen-006\"\n               class=\"ngg-simplelightbox\" rel=\"2fe56b733bf81374fe99106e687caf2d\">\n                <img\n                    title=\"klekujesen-006\"\n                    alt=\"klekujesen-006\"\n                    src=\"https:\/\/pdnikolatesla.org\/home\/wp-content\/gallery\/klek-u-jesen\/thumbs\/thumbs_klekujesen-006.jpg\"\n                    width=\"240\"\n                    height=\"160\"\n                    style=\"max-width:100%;\"\n                \/>\n            <\/a>\n        <\/div>\n\t\t\t\t\t\t\t<\/div> \n\t\t\t\n\t\t\t\t<div id=\"ngg-image-6\" class=\"ngg-gallery-thumbnail-box \" >\n\t\t\t\t        <div class=\"ngg-gallery-thumbnail\">\n            <a href=\"https:\/\/pdnikolatesla.org\/home\/wp-content\/gallery\/klek-u-jesen\/klekujesen-007.jpg\"\n               title=\"\"\n               data-src=\"https:\/\/pdnikolatesla.org\/home\/wp-content\/gallery\/klek-u-jesen\/klekujesen-007.jpg\"\n               data-thumbnail=\"https:\/\/pdnikolatesla.org\/home\/wp-content\/gallery\/klek-u-jesen\/thumbs\/thumbs_klekujesen-007.jpg\"\n               data-image-id=\"175\"\n               data-title=\"klekujesen-007\"\n               data-description=\"\"\n               data-image-slug=\"klekujesen-007\"\n               class=\"ngg-simplelightbox\" rel=\"2fe56b733bf81374fe99106e687caf2d\">\n                <img\n                    title=\"klekujesen-007\"\n                    alt=\"klekujesen-007\"\n                    src=\"https:\/\/pdnikolatesla.org\/home\/wp-content\/gallery\/klek-u-jesen\/thumbs\/thumbs_klekujesen-007.jpg\"\n                    width=\"240\"\n                    height=\"160\"\n                    style=\"max-width:100%;\"\n                \/>\n            <\/a>\n        <\/div>\n\t\t\t\t\t\t\t<\/div> \n\t\t\t\n\t\t\t\t<div id=\"ngg-image-7\" class=\"ngg-gallery-thumbnail-box \" >\n\t\t\t\t        <div class=\"ngg-gallery-thumbnail\">\n            <a href=\"https:\/\/pdnikolatesla.org\/home\/wp-content\/gallery\/klek-u-jesen\/klekujesen-008.jpg\"\n               title=\"\"\n               data-src=\"https:\/\/pdnikolatesla.org\/home\/wp-content\/gallery\/klek-u-jesen\/klekujesen-008.jpg\"\n               data-thumbnail=\"https:\/\/pdnikolatesla.org\/home\/wp-content\/gallery\/klek-u-jesen\/thumbs\/thumbs_klekujesen-008.jpg\"\n               data-image-id=\"176\"\n               data-title=\"klekujesen-008\"\n               data-description=\"\"\n               data-image-slug=\"klekujesen-008\"\n               class=\"ngg-simplelightbox\" rel=\"2fe56b733bf81374fe99106e687caf2d\">\n                <img\n                    title=\"klekujesen-008\"\n                    alt=\"klekujesen-008\"\n                    src=\"https:\/\/pdnikolatesla.org\/home\/wp-content\/gallery\/klek-u-jesen\/thumbs\/thumbs_klekujesen-008.jpg\"\n                    width=\"240\"\n                    height=\"160\"\n                    style=\"max-width:100%;\"\n                \/>\n            <\/a>\n        <\/div>\n\t\t\t\t\t\t\t<\/div> \n\t\t\t\n\t\t\t\t<div id=\"ngg-image-8\" class=\"ngg-gallery-thumbnail-box \" >\n\t\t\t\t        <div class=\"ngg-gallery-thumbnail\">\n            <a href=\"https:\/\/pdnikolatesla.org\/home\/wp-content\/gallery\/klek-u-jesen\/klekujesen-009.jpg\"\n               title=\"\"\n               data-src=\"https:\/\/pdnikolatesla.org\/home\/wp-content\/gallery\/klek-u-jesen\/klekujesen-009.jpg\"\n               data-thumbnail=\"https:\/\/pdnikolatesla.org\/home\/wp-content\/gallery\/klek-u-jesen\/thumbs\/thumbs_klekujesen-009.jpg\"\n               data-image-id=\"177\"\n               data-title=\"klekujesen-009\"\n               data-description=\"\"\n               data-image-slug=\"klekujesen-009\"\n               class=\"ngg-simplelightbox\" rel=\"2fe56b733bf81374fe99106e687caf2d\">\n                <img\n                    title=\"klekujesen-009\"\n                    alt=\"klekujesen-009\"\n                    src=\"https:\/\/pdnikolatesla.org\/home\/wp-content\/gallery\/klek-u-jesen\/thumbs\/thumbs_klekujesen-009.jpg\"\n                    width=\"240\"\n                    height=\"160\"\n                    style=\"max-width:100%;\"\n                \/>\n            <\/a>\n        <\/div>\n\t\t\t\t\t\t\t<\/div> \n\t\t\t\n\t\t\t\t<div id=\"ngg-image-9\" class=\"ngg-gallery-thumbnail-box \" >\n\t\t\t\t        <div class=\"ngg-gallery-thumbnail\">\n            <a href=\"https:\/\/pdnikolatesla.org\/home\/wp-content\/gallery\/klek-u-jesen\/klekujesen-010.jpg\"\n               title=\"\"\n               data-src=\"https:\/\/pdnikolatesla.org\/home\/wp-content\/gallery\/klek-u-jesen\/klekujesen-010.jpg\"\n               data-thumbnail=\"https:\/\/pdnikolatesla.org\/home\/wp-content\/gallery\/klek-u-jesen\/thumbs\/thumbs_klekujesen-010.jpg\"\n               data-image-id=\"178\"\n               data-title=\"klekujesen-010\"\n               data-description=\"\"\n               data-image-slug=\"klekujesen-010\"\n               class=\"ngg-simplelightbox\" rel=\"2fe56b733bf81374fe99106e687caf2d\">\n                <img\n                    title=\"klekujesen-010\"\n                    alt=\"klekujesen-010\"\n                    src=\"https:\/\/pdnikolatesla.org\/home\/wp-content\/gallery\/klek-u-jesen\/thumbs\/thumbs_klekujesen-010.jpg\"\n                    width=\"240\"\n                    height=\"160\"\n                    style=\"max-width:100%;\"\n                \/>\n            <\/a>\n        <\/div>\n\t\t\t\t\t\t\t<\/div> \n\t\t\t\n\t\t\t\t<div id=\"ngg-image-10\" class=\"ngg-gallery-thumbnail-box \" >\n\t\t\t\t        <div class=\"ngg-gallery-thumbnail\">\n            <a href=\"https:\/\/pdnikolatesla.org\/home\/wp-content\/gallery\/klek-u-jesen\/klekujesen-011.jpg\"\n               title=\"\"\n               data-src=\"https:\/\/pdnikolatesla.org\/home\/wp-content\/gallery\/klek-u-jesen\/klekujesen-011.jpg\"\n               data-thumbnail=\"https:\/\/pdnikolatesla.org\/home\/wp-content\/gallery\/klek-u-jesen\/thumbs\/thumbs_klekujesen-011.jpg\"\n               data-image-id=\"179\"\n               data-title=\"klekujesen-011\"\n               data-description=\"\"\n               data-image-slug=\"klekujesen-011\"\n               class=\"ngg-simplelightbox\" rel=\"2fe56b733bf81374fe99106e687caf2d\">\n                <img\n                    title=\"klekujesen-011\"\n                    alt=\"klekujesen-011\"\n                    src=\"https:\/\/pdnikolatesla.org\/home\/wp-content\/gallery\/klek-u-jesen\/thumbs\/thumbs_klekujesen-011.jpg\"\n                    width=\"240\"\n                    height=\"160\"\n                    style=\"max-width:100%;\"\n                \/>\n            <\/a>\n        <\/div>\n\t\t\t\t\t\t\t<\/div> \n\t\t\t\n\t\t\t\t<div id=\"ngg-image-11\" class=\"ngg-gallery-thumbnail-box \" >\n\t\t\t\t        <div class=\"ngg-gallery-thumbnail\">\n            <a href=\"https:\/\/pdnikolatesla.org\/home\/wp-content\/gallery\/klek-u-jesen\/klekujesen-012.jpg\"\n               title=\"\"\n               data-src=\"https:\/\/pdnikolatesla.org\/home\/wp-content\/gallery\/klek-u-jesen\/klekujesen-012.jpg\"\n               data-thumbnail=\"https:\/\/pdnikolatesla.org\/home\/wp-content\/gallery\/klek-u-jesen\/thumbs\/thumbs_klekujesen-012.jpg\"\n               data-image-id=\"180\"\n               data-title=\"klekujesen-012\"\n               data-description=\"\"\n               data-image-slug=\"klekujesen-012\"\n               class=\"ngg-simplelightbox\" rel=\"2fe56b733bf81374fe99106e687caf2d\">\n                <img\n                    title=\"klekujesen-012\"\n                    alt=\"klekujesen-012\"\n                    src=\"https:\/\/pdnikolatesla.org\/home\/wp-content\/gallery\/klek-u-jesen\/thumbs\/thumbs_klekujesen-012.jpg\"\n                    width=\"240\"\n                    height=\"160\"\n                    style=\"max-width:100%;\"\n                \/>\n            <\/a>\n        <\/div>\n\t\t\t\t\t\t\t<\/div> \n\t\t\t\n\t\t\t\t<div id=\"ngg-image-12\" class=\"ngg-gallery-thumbnail-box \" >\n\t\t\t\t        <div class=\"ngg-gallery-thumbnail\">\n            <a href=\"https:\/\/pdnikolatesla.org\/home\/wp-content\/gallery\/klek-u-jesen\/klekujesen-013.jpg\"\n               title=\"\"\n               data-src=\"https:\/\/pdnikolatesla.org\/home\/wp-content\/gallery\/klek-u-jesen\/klekujesen-013.jpg\"\n               data-thumbnail=\"https:\/\/pdnikolatesla.org\/home\/wp-content\/gallery\/klek-u-jesen\/thumbs\/thumbs_klekujesen-013.jpg\"\n               data-image-id=\"181\"\n               data-title=\"klekujesen-013\"\n               data-description=\"\"\n               data-image-slug=\"klekujesen-013\"\n               class=\"ngg-simplelightbox\" rel=\"2fe56b733bf81374fe99106e687caf2d\">\n                <img\n                    title=\"klekujesen-013\"\n                    alt=\"klekujesen-013\"\n                    src=\"https:\/\/pdnikolatesla.org\/home\/wp-content\/gallery\/klek-u-jesen\/thumbs\/thumbs_klekujesen-013.jpg\"\n                    width=\"240\"\n                    height=\"160\"\n                    style=\"max-width:100%;\"\n                \/>\n            <\/a>\n        <\/div>\n\t\t\t\t\t\t\t<\/div> \n\t\t\t\n\t\t\t\t<div id=\"ngg-image-13\" class=\"ngg-gallery-thumbnail-box \" >\n\t\t\t\t        <div class=\"ngg-gallery-thumbnail\">\n            <a href=\"https:\/\/pdnikolatesla.org\/home\/wp-content\/gallery\/klek-u-jesen\/klekujesen-014.jpg\"\n               title=\"\"\n               data-src=\"https:\/\/pdnikolatesla.org\/home\/wp-content\/gallery\/klek-u-jesen\/klekujesen-014.jpg\"\n               data-thumbnail=\"https:\/\/pdnikolatesla.org\/home\/wp-content\/gallery\/klek-u-jesen\/thumbs\/thumbs_klekujesen-014.jpg\"\n               data-image-id=\"182\"\n               data-title=\"klekujesen-014\"\n               data-description=\"\"\n               data-image-slug=\"klekujesen-014\"\n               class=\"ngg-simplelightbox\" rel=\"2fe56b733bf81374fe99106e687caf2d\">\n                <img\n                    title=\"klekujesen-014\"\n                    alt=\"klekujesen-014\"\n                    src=\"https:\/\/pdnikolatesla.org\/home\/wp-content\/gallery\/klek-u-jesen\/thumbs\/thumbs_klekujesen-014.jpg\"\n                    width=\"240\"\n                    height=\"160\"\n                    style=\"max-width:100%;\"\n                \/>\n            <\/a>\n        <\/div>\n\t\t\t\t\t\t\t<\/div> \n\t\t\t\n\t\t\t\t<div id=\"ngg-image-14\" class=\"ngg-gallery-thumbnail-box \" >\n\t\t\t\t        <div class=\"ngg-gallery-thumbnail\">\n            <a href=\"https:\/\/pdnikolatesla.org\/home\/wp-content\/gallery\/klek-u-jesen\/klekujesen-015.jpg\"\n               title=\"\"\n               data-src=\"https:\/\/pdnikolatesla.org\/home\/wp-content\/gallery\/klek-u-jesen\/klekujesen-015.jpg\"\n               data-thumbnail=\"https:\/\/pdnikolatesla.org\/home\/wp-content\/gallery\/klek-u-jesen\/thumbs\/thumbs_klekujesen-015.jpg\"\n               data-image-id=\"183\"\n               data-title=\"klekujesen-015\"\n               data-description=\"\"\n               data-image-slug=\"klekujesen-015\"\n               class=\"ngg-simplelightbox\" rel=\"2fe56b733bf81374fe99106e687caf2d\">\n                <img\n                    title=\"klekujesen-015\"\n                    alt=\"klekujesen-015\"\n                    src=\"https:\/\/pdnikolatesla.org\/home\/wp-content\/gallery\/klek-u-jesen\/thumbs\/thumbs_klekujesen-015.jpg\"\n                    width=\"240\"\n                    height=\"160\"\n                    style=\"max-width:100%;\"\n                \/>\n            <\/a>\n        <\/div>\n\t\t\t\t\t\t\t<\/div> \n\t\t\t\n\t\t\t\t<div id=\"ngg-image-15\" class=\"ngg-gallery-thumbnail-box \" >\n\t\t\t\t        <div class=\"ngg-gallery-thumbnail\">\n            <a href=\"https:\/\/pdnikolatesla.org\/home\/wp-content\/gallery\/klek-u-jesen\/klekujesen-016.jpg\"\n               title=\"\"\n               data-src=\"https:\/\/pdnikolatesla.org\/home\/wp-content\/gallery\/klek-u-jesen\/klekujesen-016.jpg\"\n               data-thumbnail=\"https:\/\/pdnikolatesla.org\/home\/wp-content\/gallery\/klek-u-jesen\/thumbs\/thumbs_klekujesen-016.jpg\"\n               data-image-id=\"184\"\n               data-title=\"klekujesen-016\"\n               data-description=\"\"\n               data-image-slug=\"klekujesen-016\"\n               class=\"ngg-simplelightbox\" rel=\"2fe56b733bf81374fe99106e687caf2d\">\n                <img\n                    title=\"klekujesen-016\"\n                    alt=\"klekujesen-016\"\n                    src=\"https:\/\/pdnikolatesla.org\/home\/wp-content\/gallery\/klek-u-jesen\/thumbs\/thumbs_klekujesen-016.jpg\"\n                    width=\"240\"\n                    height=\"160\"\n                    style=\"max-width:100%;\"\n                \/>\n            <\/a>\n        <\/div>\n\t\t\t\t\t\t\t<\/div> \n\t\t\t\n\t\n\t<br style=\"clear: both\" \/>\n\n\t\n\t\t<!-- Pagination -->\n\t<div class='ngg-clear'><\/div>\t<\/div>\n\n","protected":false},"excerpt":{"rendered":"<p>Glavni kolodvor &#8211; Ogulin &#8211; Klek &#8211; Ogulin &#8211; Glavni kolodvor Krenuli prije svitanja&#8230; Osvojili Klek&#8230; Pomaknuli granice&#8230; Smijali se&#8230; Gun\u0111ali&#8230; U\u017eivali&#8230; Padali&#8230; Ali se vratili s novim uspomenama za cijeli \u017eivot&#8230; Hvala svima \u0161to su bili dio ove pri\u010d.<\/p>\n","protected":false},"author":1,"featured_media":871,"parent":0,"menu_order":0,"comment_status":"closed","ping_status":"closed","template":"","meta":{"ngg_post_thumbnail":0},"_links":{"self":[{"href":"https:\/\/pdnikolatesla.org\/home\/wp-json\/wp\/v2\/pages\/866"}],"collection":[{"href":"https:\/\/pdnikolatesla.org\/home\/wp-json\/wp\/v2\/pages"}],"about":[{"href":"https:\/\/pdnikolatesla.org\/home\/wp-json\/wp\/v2\/types\/page"}],"author":[{"embeddable":true,"href":"https:\/\/pdnikolatesla.org\/home\/wp-json\/wp\/v2\/users\/1"}],"replies":[{"embeddable":true,"href":"https:\/\/pdnikolatesla.org\/home\/wp-json\/wp\/v2\/comments?post=866"}],"version-history":[{"count":2,"href":"https:\/\/pdnikolatesla.org\/home\/wp-json\/wp\/v2\/pages\/866\/revisions"}],"predecessor-version":[{"id":868,"href":"https:\/\/pdnikolatesla.org\/home\/wp-json\/wp\/v2\/pages\/866\/revisions\/868"}],"wp:featuredmedia":[{"embeddable":true,"href":"https:\/\/pdnikolatesla.org\/home\/wp-json\/wp\/v2\/media\/871"}],"wp:attachment":[{"href":"https:\/\/pdnikolatesla.org\/home\/wp-json\/wp\/v2\/media?parent=866"}],"curies":[{"name":"wp","href":"https:\/\/api.w.org\/{rel}","templated":true}]}}